{"id":959450,"date":"2025-01-15T14:13:57","date_gmt":"2025-01-15T12:13:57","guid":{"rendered":"https:\/\/visitbulgaria.com\/?page_id=959450"},"modified":"2025-01-15T14:16:21","modified_gmt":"2025-01-15T12:16:21","slug":"schengen","status":"publish","type":"page","link":"https:\/\/visitbulgaria.com\/de\/schengen\/","title":{"rendered":"Schengen"},"content":{"rendered":"\t\t<div data-elementor-type=\"wp-page\" data-elementor-id=\"959450\" class=\"elementor elementor-959450 elementor-959417\" data-elementor-post-type=\"page\">\n\t\t\t\t\t\t\t\t\t<section class=\"elementor-section elementor-top-section elementor-element elementor-element-0f5a395 elementor-section-content-top elementor-section-boxed elementor-section-height-default elementor-section-height-default\" data-id=\"0f5a395\" data-element_type=\"section\" data-settings=\"{&quot;jet_parallax_layout_list&quot;:[{&quot;jet_parallax_layout_image&quot;:{&quot;url&quot;:&quot;&quot;,&quot;id&quot;:&quot;&quot;,&quot;size&quot;:&quot;&quot;},&quot;_id&quot;:&quot;7ed3571&quot;,&quot;jet_parallax_layout_image_tablet&quot;:{&quot;url&quot;:&quot;&quot;,&quot;id&quot;:&quot;&quot;,&quot;size&quot;:&quot;&quot;},&quot;jet_parallax_layout_image_mobile&quot;:{&quot;url&quot;:&quot;&quot;,&quot;id&quot;:&quot;&quot;,&quot;size&quot;:&quot;&quot;},&quot;jet_parallax_layout_speed&quot;:{&quot;unit&quot;:&quot;%&quot;,&quot;size&quot;:50,&quot;sizes&quot;:[]},&quot;jet_parallax_layout_type&quot;:&quot;scroll&quot;,&quot;jet_parallax_layout_direction&quot;:&quot;1&quot;,&quot;jet_parallax_layout_fx_direction&quot;:null,&quot;jet_parallax_layout_z_index&quot;:&quot;&quot;,&quot;jet_parallax_layout_bg_x&quot;:50,&quot;jet_parallax_layout_bg_x_tablet&quot;:&quot;&quot;,&quot;jet_parallax_layout_bg_x_mobile&quot;:&quot;&quot;,&quot;jet_parallax_layout_bg_y&quot;:50,&quot;jet_parallax_layout_bg_y_tablet&quot;:&quot;&quot;,&quot;jet_parallax_layout_bg_y_mobile&quot;:&quot;&quot;,&quot;jet_parallax_layout_bg_size&quot;:&quot;auto&quot;,&quot;jet_parallax_layout_bg_size_tablet&quot;:&quot;&quot;,&quot;jet_parallax_layout_bg_size_mobile&quot;:&quot;&quot;,&quot;jet_parallax_layout_animation_prop&quot;:&quot;transform&quot;,&quot;jet_parallax_layout_on&quot;:[&quot;desktop&quot;,&quot;tablet&quot;]}],&quot;background_background&quot;:&quot;classic&quot;,&quot;animation&quot;:&quot;none&quot;}\" data-e-bg-lazyload=\"\">\n\t\t\t\t\t\t\t<div class=\"elementor-background-overlay\"><\/div>\n\t\t\t\t\t\t\t<div class=\"elementor-container elementor-column-gap-no\">\n\t\t\t\t\t<div class=\"elementor-column elementor-col-100 elementor-top-column elementor-element elementor-element-3346e83\" data-id=\"3346e83\" data-element_type=\"column\" data-settings=\"{&quot;background_background&quot;:&quot;classic&quot;}\">\n\t\t\t<div class=\"elementor-widget-wrap elementor-element-populated\">\n\t\t\t\t\t\t\t\t<section class=\"elementor-section elementor-inner-section elementor-element elementor-element-9a54094 elementor-section-boxed elementor-section-height-default elementor-section-height-default\" data-id=\"9a54094\" data-element_type=\"section\" data-settings=\"{&quot;jet_parallax_layout_list&quot;:[{&quot;jet_parallax_layout_image&quot;:{&quot;url&quot;:&quot;&quot;,&quot;id&quot;:&quot;&quot;,&quot;size&quot;:&quot;&quot;},&quot;_id&quot;:&quot;6137155&quot;,&quot;jet_parallax_layout_image_tablet&quot;:{&quot;url&quot;:&quot;&quot;,&quot;id&quot;:&quot;&quot;,&quot;size&quot;:&quot;&quot;},&quot;jet_parallax_layout_image_mobile&quot;:{&quot;url&quot;:&quot;&quot;,&quot;id&quot;:&quot;&quot;,&quot;size&quot;:&quot;&quot;},&quot;jet_parallax_layout_speed&quot;:{&quot;unit&quot;:&quot;%&quot;,&quot;size&quot;:50,&quot;sizes&quot;:[]},&quot;jet_parallax_layout_type&quot;:&quot;scroll&quot;,&quot;jet_parallax_layout_direction&quot;:&quot;1&quot;,&quot;jet_parallax_layout_fx_direction&quot;:null,&quot;jet_parallax_layout_z_index&quot;:&quot;&quot;,&quot;jet_parallax_layout_bg_x&quot;:50,&quot;jet_parallax_layout_bg_x_tablet&quot;:&quot;&quot;,&quot;jet_parallax_layout_bg_x_mobile&quot;:&quot;&quot;,&quot;jet_parallax_layout_bg_y&quot;:50,&quot;jet_parallax_layout_bg_y_tablet&quot;:&quot;&quot;,&quot;jet_parallax_layout_bg_y_mobile&quot;:&quot;&quot;,&quot;jet_parallax_layout_bg_size&quot;:&quot;auto&quot;,&quot;jet_parallax_layout_bg_size_tablet&quot;:&quot;&quot;,&quot;jet_parallax_layout_bg_size_mobile&quot;:&quot;&quot;,&quot;jet_parallax_layout_animation_prop&quot;:&quot;transform&quot;,&quot;jet_parallax_layout_on&quot;:[&quot;desktop&quot;,&quot;tablet&quot;]}]}\">\n\t\t\t\t\t\t<div class=\"elementor-container elementor-column-gap-default\">\n\t\t\t\t\t<div class=\"elementor-column elementor-col-100 elementor-inner-column elementor-element elementor-element-9e691c6\" data-id=\"9e691c6\" data-element_type=\"column\">\n\t\t\t<div class=\"elementor-widget-wrap elementor-element-populated\">\n\t\t\t\t\t\t\t\t\t<\/div>\n\t\t<\/div>\n\t\t\t\t\t\t\t<\/div>\n\t\t<\/section>\n\t\t\t\t<div class=\"elementor-element elementor-element-3390be8 elementor-widget elementor-widget-spacer\" data-id=\"3390be8\" data-element_type=\"widget\" data-widget_type=\"spacer.default\">\n\t\t\t\t<div class=\"elementor-widget-container\">\n\t\t\t<style>\/*! elementor - v3.17.0 - 08-11-2023 *\/\n.elementor-column .elementor-spacer-inner{height:var(--spacer-size)}.e-con{--container-widget-width:100%}.e-con-inner>.elementor-widget-spacer,.e-con>.elementor-widget-spacer{width:var(--container-widget-width,var(--spacer-size));--align-self:var(--container-widget-align-self,initial);--flex-shrink:0}.e-con-inner>.elementor-widget-spacer>.elementor-widget-container,.e-con>.elementor-widget-spacer>.elementor-widget-container{height:100%;width:100%}.e-con-inner>.elementor-widget-spacer>.elementor-widget-container>.elementor-spacer,.e-con>.elementor-widget-spacer>.elementor-widget-container>.elementor-spacer{height:100%}.e-con-inner>.elementor-widget-spacer>.elementor-widget-container>.elementor-spacer>.elementor-spacer-inner,.e-con>.elementor-widget-spacer>.elementor-widget-container>.elementor-spacer>.elementor-spacer-inner{height:var(--container-widget-height,var(--spacer-size))}.e-con-inner>.elementor-widget-spacer.elementor-widget-empty,.e-con>.elementor-widget-spacer.elementor-widget-empty{position:relative;min-height:22px;min-width:22px}.e-con-inner>.elementor-widget-spacer.elementor-widget-empty .elementor-widget-empty-icon,.e-con>.elementor-widget-spacer.elementor-widget-empty .elementor-widget-empty-icon{position:absolute;top:0;bottom:0;left:0;right:0;margin:auto;padding:0;width:22px;height:22px}<\/style>\t\t<div class=\"elementor-spacer\">\n\t\t\t<div class=\"elementor-spacer-inner\"><\/div>\n\t\t<\/div>\n\t\t\t\t<\/div>\n\t\t\t\t<\/div>\n\t\t\t\t<section class=\"elementor-section elementor-inner-section elementor-element elementor-element-6aeac25 elementor-section-content-middle elementor-section-boxed elementor-section-height-default elementor-section-height-default\" data-id=\"6aeac25\" data-element_type=\"section\" data-settings=\"{&quot;jet_parallax_layout_list&quot;:[{&quot;jet_parallax_layout_image&quot;:{&quot;url&quot;:&quot;&quot;,&quot;id&quot;:&quot;&quot;,&quot;size&quot;:&quot;&quot;},&quot;_id&quot;:&quot;6137155&quot;,&quot;jet_parallax_layout_image_tablet&quot;:{&quot;url&quot;:&quot;&quot;,&quot;id&quot;:&quot;&quot;,&quot;size&quot;:&quot;&quot;},&quot;jet_parallax_layout_image_mobile&quot;:{&quot;url&quot;:&quot;&quot;,&quot;id&quot;:&quot;&quot;,&quot;size&quot;:&quot;&quot;},&quot;jet_parallax_layout_speed&quot;:{&quot;unit&quot;:&quot;%&quot;,&quot;size&quot;:50,&quot;sizes&quot;:[]},&quot;jet_parallax_layout_type&quot;:&quot;scroll&quot;,&quot;jet_parallax_layout_direction&quot;:&quot;1&quot;,&quot;jet_parallax_layout_fx_direction&quot;:null,&quot;jet_parallax_layout_z_index&quot;:&quot;&quot;,&quot;jet_parallax_layout_bg_x&quot;:50,&quot;jet_parallax_layout_bg_x_tablet&quot;:&quot;&quot;,&quot;jet_parallax_layout_bg_x_mobile&quot;:&quot;&quot;,&quot;jet_parallax_layout_bg_y&quot;:50,&quot;jet_parallax_layout_bg_y_tablet&quot;:&quot;&quot;,&quot;jet_parallax_layout_bg_y_mobile&quot;:&quot;&quot;,&quot;jet_parallax_layout_bg_size&quot;:&quot;auto&quot;,&quot;jet_parallax_layout_bg_size_tablet&quot;:&quot;&quot;,&quot;jet_parallax_layout_bg_size_mobile&quot;:&quot;&quot;,&quot;jet_parallax_layout_animation_prop&quot;:&quot;transform&quot;,&quot;jet_parallax_layout_on&quot;:[&quot;desktop&quot;,&quot;tablet&quot;]}]}\">\n\t\t\t\t\t\t<div class=\"elementor-container elementor-column-gap-default\">\n\t\t\t\t\t<div class=\"elementor-column elementor-col-50 elementor-inner-column elementor-element elementor-element-0f1dd75\" data-id=\"0f1dd75\" data-element_type=\"column\">\n\t\t\t<div class=\"elementor-widget-wrap elementor-element-populated\">\n\t\t\t\t\t\t\t\t<div class=\"elementor-element elementor-element-72b2262 elementor-widget elementor-widget-image\" data-id=\"72b2262\" data-element_type=\"widget\" data-widget_type=\"image.default\">\n\t\t\t\t<div class=\"elementor-widget-container\">\n\t\t\t<style>\/*! elementor - v3.17.0 - 08-11-2023 *\/\n.elementor-widget-image{text-align:center}.elementor-widget-image a{display:inline-block}.elementor-widget-image a img[src$=\".svg\"]{width:48px}.elementor-widget-image img{vertical-align:middle;display:inline-block}<\/style>\t\t\t\t\t\t\t\t\t\t\t\t\t<a href=\"http:\/\/www.mfa.bg\" target=\"_blank\">\n\t\t\t\t\t\t\t<img fetchpriority=\"high\" decoding=\"async\" width=\"725\" height=\"359\" src=\"https:\/\/visitbulgaria.com\/wp-content\/uploads\/2025\/01\/schengen-border.jpg\" class=\"attachment-large size-large wp-image-959427\" alt=\"\" srcset=\"https:\/\/visitbulgaria.com\/wp-content\/uploads\/2025\/01\/schengen-border.jpg 725w, https:\/\/visitbulgaria.com\/wp-content\/uploads\/2025\/01\/schengen-border-300x149.jpg 300w\" sizes=\"(max-width: 725px) 100vw, 725px\" \/>\t\t\t\t\t\t\t\t<\/a>\n\t\t\t\t\t\t\t\t\t\t\t\t\t\t\t<\/div>\n\t\t\t\t<\/div>\n\t\t\t\t\t<\/div>\n\t\t<\/div>\n\t\t\t\t<div class=\"elementor-column elementor-col-50 elementor-inner-column elementor-element elementor-element-af2bcda\" data-id=\"af2bcda\" data-element_type=\"column\">\n\t\t\t<div class=\"elementor-widget-wrap elementor-element-populated\">\n\t\t\t\t\t\t\t\t<div class=\"elementor-element elementor-element-46601e2 elementor-widget elementor-widget-text-editor\" data-id=\"46601e2\" data-element_type=\"widget\" data-widget_type=\"text-editor.default\">\n\t\t\t\t<div class=\"elementor-widget-container\">\n\t\t\t<style>\/*! elementor - v3.17.0 - 08-11-2023 *\/\n.elementor-widget-text-editor.elementor-drop-cap-view-stacked .elementor-drop-cap{background-color:#69727d;color:#fff}.elementor-widget-text-editor.elementor-drop-cap-view-framed .elementor-drop-cap{color:#69727d;border:3px solid;background-color:transparent}.elementor-widget-text-editor:not(.elementor-drop-cap-view-default) .elementor-drop-cap{margin-top:8px}.elementor-widget-text-editor:not(.elementor-drop-cap-view-default) .elementor-drop-cap-letter{width:1em;height:1em}.elementor-widget-text-editor .elementor-drop-cap{float:left;text-align:center;line-height:1;font-size:50px}.elementor-widget-text-editor .elementor-drop-cap-letter{display:inline-block}<\/style>\t\t\t\t<div data-identifyelement=\"333\"><div data-identifyelement=\"358\">Der Schengen-Raum erm\u00f6glicht es \u00fcber 400 Millionen Menschen, frei zwischen Mitgliedstaaten zu reisen, ohne Grenzkontrollen zu durchlaufen.<br data-identifyelement=\"359\" \/>Jeden Tag \u00fcberschreiten etwa 3,5 Millionen Menschen Binnengrenzen, um zu arbeiten, zu studieren oder Familie und Freunde zu besuchen, und knapp 1,7 Millionen Menschen wohnen in einem Schengen-Land, arbeiten aber in einem anderen Schengen-Land.<br data-identifyelement=\"360\" \/>Die Europ\u00e4erinnen und Europ\u00e4er unternehmen j\u00e4hrlich gesch\u00e4tzte 1,25 Milliarden Reisen innerhalb des Schengen-Raums, was auch dem Tourismus- und dem Kultursektor erheblich zugutekommt.<\/div><div data-identifyelement=\"361\">\u00a0<\/div><div data-identifyelement=\"363\"><strong>Welche L\u00e4nder sind Teil von Schengen?<\/strong><br data-identifyelement=\"364\" \/>Derzeit umfasst der Schengen-Raum eine Fl\u00e4che von \u00fcber 4 Millionen km2 mit einer Bev\u00f6lkerung von knapp 420 Millionen Menschen. Ihm geh\u00f6ren 29 L\u00e4nder.<br data-identifyelement=\"365\" \/>Am 30. Dezember 2023 ist im Rat vereinbart worden, die Kontrollen an den Luft- und Seebinnengrenzen mit Bulgarien und Rum\u00e4nien aufzuheben. Am 12. Dezember 2024 hat der Rat beschlossen, Personenkontrollen auch an den Landbinnengrenzen mit und zwischen den beiden L\u00e4ndern abzuschaffen. Seit dem 1. Januar 2025 sind infolgedessen Bulgarien und Rum\u00e4nien vollst\u00e4ndig Teil des Schengen-Raums.<\/div><\/div>\t\t\t\t\t\t<\/div>\n\t\t\t\t<\/div>\n\t\t\t\t\t<\/div>\n\t\t<\/div>\n\t\t\t\t\t\t\t<\/div>\n\t\t<\/section>\n\t\t\t\t<div class=\"elementor-element elementor-element-62fcdb4 elementor-widget elementor-widget-spacer\" data-id=\"62fcdb4\" data-element_type=\"widget\" data-widget_type=\"spacer.default\">\n\t\t\t\t<div class=\"elementor-widget-container\">\n\t\t\t\t\t<div class=\"elementor-spacer\">\n\t\t\t<div class=\"elementor-spacer-inner\"><\/div>\n\t\t<\/div>\n\t\t\t\t<\/div>\n\t\t\t\t<\/div>\n\t\t\t\t\t<\/div>\n\t\t<\/div>\n\t\t\t\t\t\t\t<\/div>\n\t\t<\/section>\n\t\t\t\t\t\t\t<\/div>\n\t\t","protected":false},"excerpt":{"rendered":"<p>Der Schengen-Raum erm\u00f6glicht es \u00fcber 400 Millionen Menschen, frei zwischen Mitgliedstaaten zu reisen, ohne Grenzkontrollen zu durchlaufen.Jeden Tag \u00fcberschreiten etwa 3,5 Millionen Menschen Binnengrenzen, um zu arbeiten, zu studieren oder [&hellip;]<\/p>\n","protected":false},"author":4,"featured_media":0,"parent":0,"menu_order":0,"comment_status":"closed","ping_status":"closed","template":"elementor_header_footer","meta":{"footnotes":""},"class_list":["post-959450","page","type-page","status-publish","hentry"],"acf":[],"yoast_head":"<!-- This site is optimized with the Yoast SEO plugin v27.2 - https:\/\/yoast.com\/product\/yoast-seo-wordpress\/ -->\n<title>Schengen - Touristisches Portal von Bulgarien<\/title>\n<meta name=\"robots\" content=\"index, follow, max-snippet:-1, max-image-preview:large, max-video-preview:-1\" \/>\n<link rel=\"canonical\" href=\"https:\/\/visitbulgaria.com\/de\/schengen\/\" \/>\n<meta property=\"og:locale\" content=\"de_DE\" \/>\n<meta property=\"og:type\" content=\"article\" \/>\n<meta property=\"og:title\" content=\"Schengen - Touristisches Portal von Bulgarien\" \/>\n<meta property=\"og:description\" content=\"Der Schengen-Raum erm\u00f6glicht es \u00fcber 400 Millionen Menschen, frei zwischen Mitgliedstaaten zu reisen, ohne Grenzkontrollen zu durchlaufen.Jeden Tag \u00fcberschreiten etwa 3,5 Millionen Menschen Binnengrenzen, um zu arbeiten, zu studieren oder [&hellip;]\" \/>\n<meta property=\"og:url\" content=\"https:\/\/visitbulgaria.com\/de\/schengen\/\" \/>\n<meta property=\"og:site_name\" content=\"Visit Bulgaria\" \/>\n<meta property=\"article:modified_time\" content=\"2025-01-15T12:16:21+00:00\" \/>\n<meta property=\"og:image\" content=\"https:\/\/visitbulgaria.com\/wp-content\/uploads\/2025\/01\/schengen-border.jpg\" \/>\n<meta name=\"twitter:card\" content=\"summary_large_image\" \/>\n<meta name=\"twitter:label1\" content=\"Gesch\u00e4tzte Lesezeit\" \/>\n\t<meta name=\"twitter:data1\" content=\"2\u00a0Minuten\" \/>\n<script type=\"application\/ld+json\" class=\"yoast-schema-graph\">{\"@context\":\"https:\/\/schema.org\",\"@graph\":[{\"@type\":\"WebPage\",\"@id\":\"https:\/\/visitbulgaria.com\/de\/schengen\/\",\"url\":\"https:\/\/visitbulgaria.com\/de\/schengen\/\",\"name\":\"Schengen - Touristisches Portal von Bulgarien\",\"isPartOf\":{\"@id\":\"https:\/\/visitbulgaria.com\/de\/#website\"},\"primaryImageOfPage\":{\"@id\":\"https:\/\/visitbulgaria.com\/de\/schengen\/#primaryimage\"},\"image\":{\"@id\":\"https:\/\/visitbulgaria.com\/de\/schengen\/#primaryimage\"},\"thumbnailUrl\":\"https:\/\/visitbulgaria.com\/wp-content\/uploads\/2025\/01\/schengen-border.jpg\",\"datePublished\":\"2025-01-15T12:13:57+00:00\",\"dateModified\":\"2025-01-15T12:16:21+00:00\",\"breadcrumb\":{\"@id\":\"https:\/\/visitbulgaria.com\/de\/schengen\/#breadcrumb\"},\"inLanguage\":\"de\",\"potentialAction\":[{\"@type\":\"ReadAction\",\"target\":[\"https:\/\/visitbulgaria.com\/de\/schengen\/\"]}]},{\"@type\":\"ImageObject\",\"inLanguage\":\"de\",\"@id\":\"https:\/\/visitbulgaria.com\/de\/schengen\/#primaryimage\",\"url\":\"https:\/\/visitbulgaria.com\/wp-content\/uploads\/2025\/01\/schengen-border.jpg\",\"contentUrl\":\"https:\/\/visitbulgaria.com\/wp-content\/uploads\/2025\/01\/schengen-border.jpg\"},{\"@type\":\"BreadcrumbList\",\"@id\":\"https:\/\/visitbulgaria.com\/de\/schengen\/#breadcrumb\",\"itemListElement\":[{\"@type\":\"ListItem\",\"position\":1,\"name\":\"Home\",\"item\":\"https:\/\/mediumslateblue-salmon-612143.hostingersite.com\/de\/\"},{\"@type\":\"ListItem\",\"position\":2,\"name\":\"Schengen\"}]},{\"@type\":\"WebSite\",\"@id\":\"https:\/\/visitbulgaria.com\/de\/#website\",\"url\":\"https:\/\/visitbulgaria.com\/de\/\",\"name\":\"Visit Bulgaria\",\"description\":\"Offizielles Touristenportal Bulgariens\",\"potentialAction\":[{\"@type\":\"SearchAction\",\"target\":{\"@type\":\"EntryPoint\",\"urlTemplate\":\"https:\/\/visitbulgaria.com\/de\/?s={search_term_string}\"},\"query-input\":{\"@type\":\"PropertyValueSpecification\",\"valueRequired\":true,\"valueName\":\"search_term_string\"}}],\"inLanguage\":\"de\"}]}<\/script>\n<!-- \/ Yoast SEO plugin. -->","yoast_head_json":{"title":"Schengen - Touristisches Portal von Bulgarien","robots":{"index":"index","follow":"follow","max-snippet":"max-snippet:-1","max-image-preview":"max-image-preview:large","max-video-preview":"max-video-preview:-1"},"canonical":"https:\/\/visitbulgaria.com\/de\/schengen\/","og_locale":"de_DE","og_type":"article","og_title":"Schengen - Touristisches Portal von Bulgarien","og_description":"Der Schengen-Raum erm\u00f6glicht es \u00fcber 400 Millionen Menschen, frei zwischen Mitgliedstaaten zu reisen, ohne Grenzkontrollen zu durchlaufen.Jeden Tag \u00fcberschreiten etwa 3,5 Millionen Menschen Binnengrenzen, um zu arbeiten, zu studieren oder [&hellip;]","og_url":"https:\/\/visitbulgaria.com\/de\/schengen\/","og_site_name":"Visit Bulgaria","article_modified_time":"2025-01-15T12:16:21+00:00","og_image":[{"url":"https:\/\/visitbulgaria.com\/wp-content\/uploads\/2025\/01\/schengen-border.jpg","type":"","width":"","height":""}],"twitter_card":"summary_large_image","twitter_misc":{"Gesch\u00e4tzte Lesezeit":"2\u00a0Minuten"},"schema":{"@context":"https:\/\/schema.org","@graph":[{"@type":"WebPage","@id":"https:\/\/visitbulgaria.com\/de\/schengen\/","url":"https:\/\/visitbulgaria.com\/de\/schengen\/","name":"Schengen - Touristisches Portal von Bulgarien","isPartOf":{"@id":"https:\/\/visitbulgaria.com\/de\/#website"},"primaryImageOfPage":{"@id":"https:\/\/visitbulgaria.com\/de\/schengen\/#primaryimage"},"image":{"@id":"https:\/\/visitbulgaria.com\/de\/schengen\/#primaryimage"},"thumbnailUrl":"https:\/\/visitbulgaria.com\/wp-content\/uploads\/2025\/01\/schengen-border.jpg","datePublished":"2025-01-15T12:13:57+00:00","dateModified":"2025-01-15T12:16:21+00:00","breadcrumb":{"@id":"https:\/\/visitbulgaria.com\/de\/schengen\/#breadcrumb"},"inLanguage":"de","potentialAction":[{"@type":"ReadAction","target":["https:\/\/visitbulgaria.com\/de\/schengen\/"]}]},{"@type":"ImageObject","inLanguage":"de","@id":"https:\/\/visitbulgaria.com\/de\/schengen\/#primaryimage","url":"https:\/\/visitbulgaria.com\/wp-content\/uploads\/2025\/01\/schengen-border.jpg","contentUrl":"https:\/\/visitbulgaria.com\/wp-content\/uploads\/2025\/01\/schengen-border.jpg"},{"@type":"BreadcrumbList","@id":"https:\/\/visitbulgaria.com\/de\/schengen\/#breadcrumb","itemListElement":[{"@type":"ListItem","position":1,"name":"Home","item":"https:\/\/mediumslateblue-salmon-612143.hostingersite.com\/de\/"},{"@type":"ListItem","position":2,"name":"Schengen"}]},{"@type":"WebSite","@id":"https:\/\/visitbulgaria.com\/de\/#website","url":"https:\/\/visitbulgaria.com\/de\/","name":"Visit Bulgaria","description":"Offizielles Touristenportal Bulgariens","potentialAction":[{"@type":"SearchAction","target":{"@type":"EntryPoint","urlTemplate":"https:\/\/visitbulgaria.com\/de\/?s={search_term_string}"},"query-input":{"@type":"PropertyValueSpecification","valueRequired":true,"valueName":"search_term_string"}}],"inLanguage":"de"}]}},"_links":{"self":[{"href":"https:\/\/visitbulgaria.com\/de\/wp-json\/wp\/v2\/pages\/959450","targetHints":{"allow":["GET"]}}],"collection":[{"href":"https:\/\/visitbulgaria.com\/de\/wp-json\/wp\/v2\/pages"}],"about":[{"href":"https:\/\/visitbulgaria.com\/de\/wp-json\/wp\/v2\/types\/page"}],"author":[{"embeddable":true,"href":"https:\/\/visitbulgaria.com\/de\/wp-json\/wp\/v2\/users\/4"}],"replies":[{"embeddable":true,"href":"https:\/\/visitbulgaria.com\/de\/wp-json\/wp\/v2\/comments?post=959450"}],"version-history":[{"count":0,"href":"https:\/\/visitbulgaria.com\/de\/wp-json\/wp\/v2\/pages\/959450\/revisions"}],"wp:attachment":[{"href":"https:\/\/visitbulgaria.com\/de\/wp-json\/wp\/v2\/media?parent=959450"}],"curies":[{"name":"wp","href":"https:\/\/api.w.org\/{rel}","templated":true}]}}