{"id":3428,"date":"2020-01-13T16:10:30","date_gmt":"2020-01-13T14:10:30","guid":{"rendered":"https:\/\/visitbulgaria.com\/%d1%81%d0%b5%d0%bb%d0%b0\/"},"modified":"2021-11-29T17:28:21","modified_gmt":"2021-11-29T15:28:21","slug":"doerfer","status":"publish","type":"page","link":"https:\/\/visitbulgaria.com\/de\/ziele\/doerfer\/","title":{"rendered":"D\u00f6rfer"},"content":{"rendered":"\t\t<div data-elementor-type=\"wp-page\" data-elementor-id=\"3428\" class=\"elementor elementor-3428 elementor-939\" data-elementor-post-type=\"page\">\n\t\t\t\t\t\t\t\t\t<section class=\"elementor-section elementor-top-section elementor-element elementor-element-e37e141 elementor-section-content-top elementor-section-boxed elementor-section-height-default elementor-section-height-default\" data-id=\"e37e141\" data-element_type=\"section\" data-settings=\"{&quot;jet_parallax_layout_list&quot;:[{&quot;jet_parallax_layout_image&quot;:{&quot;url&quot;:&quot;&quot;,&quot;id&quot;:&quot;&quot;,&quot;size&quot;:&quot;&quot;},&quot;_id&quot;:&quot;cf741c5&quot;,&quot;jet_parallax_layout_image_tablet&quot;:{&quot;url&quot;:&quot;&quot;,&quot;id&quot;:&quot;&quot;,&quot;size&quot;:&quot;&quot;},&quot;jet_parallax_layout_image_mobile&quot;:{&quot;url&quot;:&quot;&quot;,&quot;id&quot;:&quot;&quot;,&quot;size&quot;:&quot;&quot;},&quot;jet_parallax_layout_speed&quot;:{&quot;unit&quot;:&quot;%&quot;,&quot;size&quot;:50,&quot;sizes&quot;:[]},&quot;jet_parallax_layout_type&quot;:&quot;scroll&quot;,&quot;jet_parallax_layout_direction&quot;:&quot;1&quot;,&quot;jet_parallax_layout_fx_direction&quot;:null,&quot;jet_parallax_layout_z_index&quot;:&quot;&quot;,&quot;jet_parallax_layout_bg_x&quot;:50,&quot;jet_parallax_layout_bg_x_tablet&quot;:&quot;&quot;,&quot;jet_parallax_layout_bg_x_mobile&quot;:&quot;&quot;,&quot;jet_parallax_layout_bg_y&quot;:50,&quot;jet_parallax_layout_bg_y_tablet&quot;:&quot;&quot;,&quot;jet_parallax_layout_bg_y_mobile&quot;:&quot;&quot;,&quot;jet_parallax_layout_bg_size&quot;:&quot;auto&quot;,&quot;jet_parallax_layout_bg_size_tablet&quot;:&quot;&quot;,&quot;jet_parallax_layout_bg_size_mobile&quot;:&quot;&quot;,&quot;jet_parallax_layout_animation_prop&quot;:&quot;transform&quot;,&quot;jet_parallax_layout_on&quot;:[&quot;desktop&quot;,&quot;tablet&quot;]}],&quot;background_background&quot;:&quot;classic&quot;}\" data-e-bg-lazyload=\"\">\n\t\t\t\t\t\t\t<div class=\"elementor-background-overlay\"><\/div>\n\t\t\t\t\t\t\t<div class=\"elementor-container elementor-column-gap-no\">\n\t\t\t\t\t<div class=\"elementor-column elementor-col-100 elementor-top-column elementor-element elementor-element-9bf1c0f\" data-id=\"9bf1c0f\" data-element_type=\"column\">\n\t\t\t<div class=\"elementor-widget-wrap elementor-element-populated\">\n\t\t\t\t\t\t\t\t<div class=\"elementor-element elementor-element-caba6fb elementor-widget elementor-widget-theme-post-title elementor-page-title elementor-widget-heading\" data-id=\"caba6fb\" data-element_type=\"widget\" data-widget_type=\"theme-post-title.default\">\n\t\t\t\t<div class=\"elementor-widget-container\">\n\t\t\t<style>\/*! elementor - v3.17.0 - 08-11-2023 *\/\n.elementor-heading-title{padding:0;margin:0;line-height:1}.elementor-widget-heading .elementor-heading-title[class*=elementor-size-]>a{color:inherit;font-size:inherit;line-height:inherit}.elementor-widget-heading .elementor-heading-title.elementor-size-small{font-size:15px}.elementor-widget-heading .elementor-heading-title.elementor-size-medium{font-size:19px}.elementor-widget-heading .elementor-heading-title.elementor-size-large{font-size:29px}.elementor-widget-heading .elementor-heading-title.elementor-size-xl{font-size:39px}.elementor-widget-heading .elementor-heading-title.elementor-size-xxl{font-size:59px}<\/style><h1 class=\"elementor-heading-title elementor-size-default\">D\u00f6rfer<\/h1>\t\t<\/div>\n\t\t\t\t<\/div>\n\t\t\t\t<div class=\"elementor-element elementor-element-cdbb855 elementor-share-buttons--view-icon elementor-share-buttons--shape-circle elementor-share-buttons--skin-minimal elementor-share-buttons--align-left elementor-share-buttons--color-custom elementor-grid-0 elementor-widget elementor-widget-share-buttons\" data-id=\"cdbb855\" data-element_type=\"widget\" data-widget_type=\"share-buttons.default\">\n\t\t\t\t<div class=\"elementor-widget-container\">\n\t\t\t<link rel=\"stylesheet\" href=\"https:\/\/visitbulgaria.com\/wp-content\/plugins\/elementor-pro\/assets\/css\/widget-share-buttons.min.css\">\t\t<div class=\"elementor-grid\">\n\t\t\t\t\t\t\t\t<div class=\"elementor-grid-item\">\n\t\t\t\t\t\t<div\n\t\t\t\t\t\t\tclass=\"elementor-share-btn elementor-share-btn_facebook\"\n\t\t\t\t\t\t\trole=\"button\"\n\t\t\t\t\t\t\ttabindex=\"0\"\n\t\t\t\t\t\t\taria-label=\"Teilen auf facebook\"\n\t\t\t\t\t\t>\n\t\t\t\t\t\t\t\t\t\t\t\t\t\t\t<span class=\"elementor-share-btn__icon\">\n\t\t\t\t\t\t\t\t<svg class=\"e-font-icon-svg e-fab-facebook\" viewBox=\"0 0 512 512\" xmlns=\"http:\/\/www.w3.org\/2000\/svg\"><path d=\"M504 256C504 119 393 8 256 8S8 119 8 256c0 123.78 90.69 226.38 209.25 245V327.69h-63V256h63v-54.64c0-62.15 37-96.48 93.67-96.48 27.14 0 55.52 4.84 55.52 4.84v61h-31.28c-30.8 0-40.41 19.12-40.41 38.73V256h68.78l-11 71.69h-57.78V501C413.31 482.38 504 379.78 504 256z\"><\/path><\/svg>\t\t\t\t\t\t\t<\/span>\n\t\t\t\t\t\t\t\t\t\t\t\t\t\t\t\t\t\t\t\t<\/div>\n\t\t\t\t\t<\/div>\n\t\t\t\t\t\t<\/div>\n\t\t\t\t<\/div>\n\t\t\t\t<\/div>\n\t\t\t\t\t<\/div>\n\t\t<\/div>\n\t\t\t\t\t\t\t<\/div>\n\t\t<\/section>\n\t\t\t\t<section class=\"elementor-section elementor-top-section elementor-element elementor-element-55bfa30c elementor-section-boxed elementor-section-height-default elementor-section-height-default\" data-id=\"55bfa30c\" data-element_type=\"section\" data-settings=\"{&quot;jet_parallax_layout_list&quot;:[{&quot;jet_parallax_layout_image&quot;:{&quot;url&quot;:&quot;&quot;,&quot;id&quot;:&quot;&quot;,&quot;size&quot;:&quot;&quot;},&quot;_id&quot;:&quot;6076498&quot;,&quot;jet_parallax_layout_image_tablet&quot;:{&quot;url&quot;:&quot;&quot;,&quot;id&quot;:&quot;&quot;,&quot;size&quot;:&quot;&quot;},&quot;jet_parallax_layout_image_mobile&quot;:{&quot;url&quot;:&quot;&quot;,&quot;id&quot;:&quot;&quot;,&quot;size&quot;:&quot;&quot;},&quot;jet_parallax_layout_speed&quot;:{&quot;unit&quot;:&quot;%&quot;,&quot;size&quot;:50,&quot;sizes&quot;:[]},&quot;jet_parallax_layout_type&quot;:&quot;scroll&quot;,&quot;jet_parallax_layout_direction&quot;:&quot;1&quot;,&quot;jet_parallax_layout_fx_direction&quot;:null,&quot;jet_parallax_layout_z_index&quot;:&quot;&quot;,&quot;jet_parallax_layout_bg_x&quot;:50,&quot;jet_parallax_layout_bg_x_tablet&quot;:&quot;&quot;,&quot;jet_parallax_layout_bg_x_mobile&quot;:&quot;&quot;,&quot;jet_parallax_layout_bg_y&quot;:50,&quot;jet_parallax_layout_bg_y_tablet&quot;:&quot;&quot;,&quot;jet_parallax_layout_bg_y_mobile&quot;:&quot;&quot;,&quot;jet_parallax_layout_bg_size&quot;:&quot;auto&quot;,&quot;jet_parallax_layout_bg_size_tablet&quot;:&quot;&quot;,&quot;jet_parallax_layout_bg_size_mobile&quot;:&quot;&quot;,&quot;jet_parallax_layout_animation_prop&quot;:&quot;transform&quot;,&quot;jet_parallax_layout_on&quot;:[&quot;desktop&quot;,&quot;tablet&quot;]}]}\">\n\t\t\t\t\t\t<div class=\"elementor-container elementor-column-gap-default\">\n\t\t\t\t\t<div class=\"elementor-column elementor-col-100 elementor-top-column elementor-element elementor-element-1202a137\" data-id=\"1202a137\" data-element_type=\"column\" data-settings=\"{&quot;background_background&quot;:&quot;classic&quot;}\">\n\t\t\t<div class=\"elementor-widget-wrap elementor-element-populated\">\n\t\t\t\t\t\t\t\t<div class=\"elementor-element elementor-element-7d6d788b elementor-widget elementor-widget-jet-unfold\" data-id=\"7d6d788b\" data-element_type=\"widget\" data-settings=\"{&quot;mask_height&quot;:{&quot;unit&quot;:&quot;px&quot;,&quot;size&quot;:500,&quot;sizes&quot;:[]},&quot;fold_duration&quot;:{&quot;unit&quot;:&quot;ms&quot;,&quot;size&quot;:500,&quot;sizes&quot;:[]},&quot;mask_height_tablet&quot;:{&quot;unit&quot;:&quot;px&quot;,&quot;size&quot;:&quot;&quot;,&quot;sizes&quot;:[]},&quot;mask_height_mobile&quot;:{&quot;unit&quot;:&quot;px&quot;,&quot;size&quot;:&quot;&quot;,&quot;sizes&quot;:[]},&quot;unfold_duration&quot;:{&quot;unit&quot;:&quot;ms&quot;,&quot;size&quot;:500,&quot;sizes&quot;:[]},&quot;unfold_easing&quot;:&quot;easeOutBack&quot;,&quot;fold_easing&quot;:&quot;easeOutSine&quot;}\" data-widget_type=\"jet-unfold.default\">\n\t\t\t\t<div class=\"elementor-widget-container\">\n\t\t\t\t\t<div class=\"jet-unfold \" data-settings=\"{&quot;height&quot;:{&quot;size&quot;:500,&quot;unit&quot;:&quot;px&quot;},&quot;separatorHeight&quot;:{&quot;unit&quot;:&quot;px&quot;,&quot;size&quot;:80,&quot;sizes&quot;:[]},&quot;unfoldDuration&quot;:{&quot;unit&quot;:&quot;ms&quot;,&quot;size&quot;:500,&quot;sizes&quot;:[]},&quot;foldDuration&quot;:{&quot;unit&quot;:&quot;ms&quot;,&quot;size&quot;:500,&quot;sizes&quot;:[]},&quot;unfoldEasing&quot;:&quot;easeOutBack&quot;,&quot;foldEasing&quot;:&quot;easeOutSine&quot;,&quot;foldScrolling&quot;:&quot;false&quot;,&quot;hideOutsideClick&quot;:&quot;false&quot;,&quot;autoHide&quot;:&quot;false&quot;,&quot;autoHideTime&quot;:&quot;&quot;,&quot;foldScrollOffset&quot;:&quot;&quot;,&quot;separatorType&quot;:&quot;div&quot;}\">\r\n\t\t\t<div class=\"jet-unfold__inner\">\r\n\t\t\t\t<div class=\"jet-unfold__mask\" style=\"height:500px\">\r\n\t\t\t\t\t<div class=\"jet-unfold__content\">\r\n\t\t\t\t\t\t<div class=\"jet-unfold__content-inner elementor-text-editor elementor-clearfix\"><div id=\"dataSection\" class=\"leftDataSection\">\n<div class=\"article-short\">\n<div>\n<div id=\"dataSection\" class=\"leftDataSection\">\n<div class=\"article-short\">\n<div>\n<p>Die bulgarischen D\u00f6rfer sind\u00a0mit ihrer herrlichen Natur und ihren gastfreundlichen Hausherren bekannt. Vielerorts hat man sich erfolgreich dem Landtourismus verschrieben, was Ihnen die M\u00f6glichkeit bietet, in den bulgarischen Alltag und die Kultur des Landes einzutauchen, an den bulgarischen Traditionen und Br\u00e4uchen teilzuhaben und bulgarische Gerichte zu kosten, die nach althergebrachten Rezepten zubereitet werden.<\/p>\n<p>Neben den interessanten Geschichten und Legenden, mit denen jedes bulgarische Dorf in gro\u00dfer Zahl aufwartet, erfahren Sie hier mit all Ihren Sinnen wahrhafte Natur, Ruhe und gesundes Essen. Es gibt wohl kaum jemanden, der nicht schon einmal die Genugtuung versp\u00fcrt hat, am Morgen vom Zwitschern der V\u00f6gel geweckt zu werden, Banitsa frisch aus dem Ofen mit hausgemachtem Joghurt zu fr\u00fchst\u00fccken, auf dem R\u00fccken eines Pferdes durch den Wald zu traben und am Abend vor dem Kamin eine Tasse aromatischen Kr\u00e4utertee zu genie\u00dfen.<\/p>\n<p>Viele der malerischsten D\u00f6rfer des Landes liegen im Herzen der Rhodopen \u2013 Gela, Shiroka Laka, Momchilovtsi, Orehovo, Smilyan, Arda, Dolen, Leshten, Kovachevitsa, Pletena und viele andere.<\/p>\n<p>Auch das Stara-Planina-Gebirge (Balkangebirge) wartet mit zahlreichen D\u00f6rfern auf \u2013 Bozhentsi, Ribaritsa, Zheravna, Oreshak, Medven, Skandalo, malerische D\u00f6rfchen im Elena-, Etropole- und Teteven-Balkan etc. Das Dorf Arbanasi wird Sie mit seinem Erholungsangebot begeistern.<\/p>\n<p>Mit einem ganz anderen Charme erwarten Sie die D\u00f6rfer an der Schwarzmeerk\u00fcste \u2013 hier absteigend, k\u00f6nnen Sie den Sommerurlaub mit Landtourismus verbinden \u2013 Durankulak, Krapets, Tyulenovo, Kamen Bryag, Balgarevo, Shkorpilovtsi, Losenets, Varvara, Sinemorets, Rezovo und viele mehr.<\/p>\n<p>Die Sch\u00f6nheit des Rila-Gebirges wird sich Ihnen er\u00f6ffnen, wenn Sie in einem der hiesigen D\u00f6rfer absteigen \u2013 Govedartsi, Beli Iskar, Mala Tsarkva oder Dobarsko.<\/p>\n<p>Auch die Strandzha-D\u00f6rfer Balgari, Kosti, Brashlyan und Mladeshko bieten \u00dcbernachtungsm\u00f6glichkeiten. Und \u2013 wenn Sie Anfang Juni hierher kommen, k\u00f6nnen Sie zudem dem alten Nestinarstvo-Ritual beiwohnen \u2013 dem Tanz auf gl\u00fchenden Kohlen.<\/p>\n<\/div>\n<\/div>\n<\/div>\n<\/div>\n<\/div>\n<\/div>\n<\/div>\r\n\t\t\t\t\t<\/div>\r\n\t\t\t\t\t\t\t\t\t\t<div class=\"jet-unfold__separator\"><\/div>\r\n\t\t\t\t\t\t\t\t\t<\/div>\r\n\t\t\t\t<div class=\"jet-unfold__trigger\"><div class=\"jet-unfold__button elementor-button elementor-size-md\" href=\"#\" data-unfold-text=\"Mehr anzeigen      \" data-fold-text=\"Weniger zeigen     \" data-fold-icon=\"&lt;i class=&quot;fa fa-chevron-up&quot; aria-hidden=&quot;true&quot;&gt;&lt;\/i&gt;\" data-unfold-icon=\"&lt;i class=&quot;fa fa-chevron-down&quot; aria-hidden=&quot;true&quot;&gt;&lt;\/i&gt;\" tabindex=\"0\" role=\"button\"><span class=\"jet-unfold__button-icon jet-tricks-icon\"><i class=\"fa fa-chevron-down\" aria-hidden=\"true\"><\/i><\/span><span class=\"jet-unfold__button-text\">Mehr anzeigen      <\/span><\/div>\t\t\t\t<\/div>\r\n\t\t\t<\/div>\r\n\t\t<\/div>\r\n\t\t\t\t<\/div>\n\t\t\t\t<\/div>\n\t\t\t\t<div class=\"elementor-element elementor-element-398f3015 elementor-widget elementor-widget-text-editor\" data-id=\"398f3015\" data-element_type=\"widget\" data-widget_type=\"text-editor.default\">\n\t\t\t\t<div class=\"elementor-widget-container\">\n\t\t\t<style>\/*! elementor - v3.17.0 - 08-11-2023 *\/\n.elementor-widget-text-editor.elementor-drop-cap-view-stacked .elementor-drop-cap{background-color:#69727d;color:#fff}.elementor-widget-text-editor.elementor-drop-cap-view-framed .elementor-drop-cap{color:#69727d;border:3px solid;background-color:transparent}.elementor-widget-text-editor:not(.elementor-drop-cap-view-default) .elementor-drop-cap{margin-top:8px}.elementor-widget-text-editor:not(.elementor-drop-cap-view-default) .elementor-drop-cap-letter{width:1em;height:1em}.elementor-widget-text-editor .elementor-drop-cap{float:left;text-align:center;line-height:1;font-size:50px}.elementor-widget-text-editor .elementor-drop-cap-letter{display:inline-block}<\/style>\t\t\t\t\t\t\t\t\t\t<\/div>\n\t\t\t\t<\/div>\n\t\t\t\t<div class=\"elementor-element elementor-element-0deae49 elementor-widget elementor-widget-wm-multiple-map-markers-by-category-widget\" data-id=\"0deae49\" data-element_type=\"widget\" data-widget_type=\"wm-multiple-map-markers-by-category-widget.default\">\n\t\t\t\t<div class=\"elementor-widget-container\">\n\t\t\t        <script src=\"https:\/\/visitbulgaria.com\/wp-content\/plugins\/witmind-elementor\/assets\/leaflet\/leaflet.js\"><\/script>\n        <style>\n            .leaflet-popup-content{\n                width: 200px;\n            }\n        <\/style>\n\n        <div class=\"map-group\">\n            <div id=\"map\" style=\"width: 100%;float:right ;height: 400px\"><\/div>\n        <\/div>\n                <script>\n            var map = L.map('map').setView(new L.LatLng(42.8783, 25.3209), 7);\n\n            L.tileLayer('https:\/\/{s}.tile.openstreetmap.org\/{z}\/{x}\/{y}.png', {\n                attribution: '<a href=\"https:\/\/opentopomap.org\">OpenTopoMap<\/a>, &copy; <a href=\"https:\/\/creativecommons.org\/licenses\/by-sa\/3.0\/\">CC-BY-SA<\/a>'\n            }).addTo(map);\n\n            var arrayGroup = [];\n            populate();\n            function populate() {\n\n                var jsonData = JSON.parse('null');\n\n                for (var key in jsonData) {\n\n                    var planes = \"planes\" + jsonData[key].post_id;\n                    var marker = \"marker\" + jsonData[key].post_id;\n                    marker = L.layerGroup();\n                    map.addLayer(marker);\n                    var svg = jsonData[key].icon;\n                    var svg_color = jsonData[key].icon_color;\n                    svg = '<svg xmlns=\"https:\/\/www.w3.org\/2000\/svg\" width=\"24\" height=\"24\" viewBox=\"0 0 24 24\"><path fill=\"rgb(' + jsonData[key].icon_color + ')\" stroke=\"rgb(' + jsonData[key].icon_color + ')\" d=\"M12 0c-4.198 0-8 3.403-8 7.602 0 4.198 3.469 9.21 8 16.398 4.531-7.188 8-12.2 8-16.398 0-4.199-3.801-7.602-8-7.602zm0 11c-1.657 0-3-1.343-3-3s1.343-3 3-3 3 1.343 3 3-1.343 3-3 3z\"\/><\/svg>';\n\n                    if (svg === \"\" || svg_color === false) {\n                        svg = '<svg xmlns=\"https:\/\/www.w3.org\/2000\/svg\" width=\"24\" height=\"24\" viewBox=\"0 0 24 24\"><path fill=\"rgb(251, 210, 67)\" stroke=\"rgb(251, 210, 67)\" d=\"M12 0c-4.198 0-8 3.403-8 7.602 0 4.198 3.469 9.21 8 16.398 4.531-7.188 8-12.2 8-16.398 0-4.199-3.801-7.602-8-7.602zm0 11c-1.657 0-3-1.343-3-3s1.343-3 3-3 3 1.343 3 3-1.343 3-3 3z\"\/><\/svg>';\n                    }\n                    var icon = L.divIcon({\n                        className: \"leaflet-data-marker\",\n                        html: svg.replace('#', '%23'),\n\n                        iconAnchor: [22, 28],\n                        iconSize: [30, 35],\n                        popupAnchor: [0, -30],\n                    });\n\n                    var popUpdata = '<table><tbody><tr><td><a href=\"' + jsonData[key].post_link + '\"><img decoding=\"async\" src=\"' + jsonData[key].link + '\"><\/a><\/td><td style=\"padding-left: 10px;\"><b> <a href=\"' + jsonData[key].post_link + '\">' + jsonData[key].title + '<\/a><\/b><br>N ' + jsonData[key].latitude + '<\/br>E ' + jsonData[key].longitude + '<\/b><\/td><\/tr><\/tbody><\/table>';\n\n                    planes = [\n                        [popUpdata, jsonData[key].latitude, jsonData[key].longitude]\n                    ];\n                    for (var i = 0; i < planes.length; i++) {\n                        new L.marker([planes[i][1], planes[i][2]], {\n                            icon: icon\n                        }).addTo(marker).bindPopup(planes[i][0]);\n\n                    }\n                }\n                return false;\n            }\n\n            map.addControl(new L.Control.Scale({width: 200, position: 'bottomleft', imperial: false}));\n        <\/script>\n        \t\t<\/div>\n\t\t\t\t<\/div>\n\t\t\t\t<div class=\"elementor-element elementor-element-5262214 elementor-widget elementor-widget-heading\" data-id=\"5262214\" data-element_type=\"widget\" data-widget_type=\"heading.default\">\n\t\t\t\t<div class=\"elementor-widget-container\">\n\t\t\t<h2 class=\"elementor-heading-title elementor-size-default\">Alle<\/h2>\t\t<\/div>\n\t\t\t\t<\/div>\n\t\t\t\t\t<\/div>\n\t\t<\/div>\n\t\t\t\t\t\t\t<\/div>\n\t\t<\/section>\n\t\t\t\t\t\t\t<\/div>\n\t\t","protected":false},"excerpt":{"rendered":"<p>Share on facebook Die bulgarischen D\u00f6rfer sind\u00a0mit ihrer herrlichen Natur und ihren gastfreundlichen Hausherren bekannt. Vielerorts hat man sich erfolgreich dem Landtourismus verschrieben, was Ihnen die M\u00f6glichkeit bietet, in den [&hellip;]<\/p>\n","protected":false},"author":17,"featured_media":299320,"parent":3856,"menu_order":0,"comment_status":"closed","ping_status":"closed","template":"elementor_header_footer","meta":{"footnotes":""},"class_list":["post-3428","page","type-page","status-publish","has-post-thumbnail","hentry"],"acf":[],"yoast_head":"<!-- This site is optimized with the Yoast SEO plugin v27.2 - https:\/\/yoast.com\/product\/yoast-seo-wordpress\/ -->\n<title>D\u00f6rfer - Touristisches Portal von Bulgarien<\/title>\n<meta name=\"robots\" content=\"index, follow, max-snippet:-1, max-image-preview:large, max-video-preview:-1\" \/>\n<link rel=\"canonical\" href=\"https:\/\/visitbulgaria.com\/de\/ziele\/doerfer\/\" \/>\n<meta property=\"og:locale\" content=\"de_DE\" \/>\n<meta property=\"og:type\" content=\"article\" \/>\n<meta property=\"og:title\" content=\"D\u00f6rfer - Touristisches Portal von Bulgarien\" \/>\n<meta property=\"og:description\" content=\"Share on facebook Die bulgarischen D\u00f6rfer sind\u00a0mit ihrer herrlichen Natur und ihren gastfreundlichen Hausherren bekannt. Vielerorts hat man sich erfolgreich dem Landtourismus verschrieben, was Ihnen die M\u00f6glichkeit bietet, in den [&hellip;]\" \/>\n<meta property=\"og:url\" content=\"https:\/\/visitbulgaria.com\/de\/ziele\/doerfer\/\" \/>\n<meta property=\"og:site_name\" content=\"Visit Bulgaria\" \/>\n<meta property=\"article:modified_time\" content=\"2021-11-29T15:28:21+00:00\" \/>\n<meta property=\"og:image\" content=\"https:\/\/visitbulgaria.com\/wp-content\/uploads\/2021\/11\/Bulgarian-villages_visitbulgaria.com_.jpg\" \/>\n\t<meta property=\"og:image:width\" content=\"1920\" \/>\n\t<meta property=\"og:image:height\" content=\"1280\" \/>\n\t<meta property=\"og:image:type\" content=\"image\/jpeg\" \/>\n<meta name=\"twitter:card\" content=\"summary_large_image\" \/>\n<meta name=\"twitter:label1\" content=\"Gesch\u00e4tzte Lesezeit\" \/>\n\t<meta name=\"twitter:data1\" content=\"2\u00a0Minuten\" \/>\n<script type=\"application\/ld+json\" class=\"yoast-schema-graph\">{\"@context\":\"https:\/\/schema.org\",\"@graph\":[{\"@type\":\"WebPage\",\"@id\":\"https:\/\/visitbulgaria.com\/de\/ziele\/doerfer\/\",\"url\":\"https:\/\/visitbulgaria.com\/de\/ziele\/doerfer\/\",\"name\":\"D\u00f6rfer - Touristisches Portal von Bulgarien\",\"isPartOf\":{\"@id\":\"https:\/\/visitbulgaria.com\/de\/#website\"},\"primaryImageOfPage\":{\"@id\":\"https:\/\/visitbulgaria.com\/de\/ziele\/doerfer\/#primaryimage\"},\"image\":{\"@id\":\"https:\/\/visitbulgaria.com\/de\/ziele\/doerfer\/#primaryimage\"},\"thumbnailUrl\":\"https:\/\/visitbulgaria.com\/wp-content\/uploads\/2021\/11\/Bulgarian-villages_visitbulgaria.com_.jpg\",\"datePublished\":\"2020-01-13T14:10:30+00:00\",\"dateModified\":\"2021-11-29T15:28:21+00:00\",\"breadcrumb\":{\"@id\":\"https:\/\/visitbulgaria.com\/de\/ziele\/doerfer\/#breadcrumb\"},\"inLanguage\":\"de\",\"potentialAction\":[{\"@type\":\"ReadAction\",\"target\":[\"https:\/\/visitbulgaria.com\/de\/ziele\/doerfer\/\"]}]},{\"@type\":\"ImageObject\",\"inLanguage\":\"de\",\"@id\":\"https:\/\/visitbulgaria.com\/de\/ziele\/doerfer\/#primaryimage\",\"url\":\"https:\/\/visitbulgaria.com\/wp-content\/uploads\/2021\/11\/Bulgarian-villages_visitbulgaria.com_.jpg\",\"contentUrl\":\"https:\/\/visitbulgaria.com\/wp-content\/uploads\/2021\/11\/Bulgarian-villages_visitbulgaria.com_.jpg\",\"width\":1920,\"height\":1280},{\"@type\":\"BreadcrumbList\",\"@id\":\"https:\/\/visitbulgaria.com\/de\/ziele\/doerfer\/#breadcrumb\",\"itemListElement\":[{\"@type\":\"ListItem\",\"position\":1,\"name\":\"Home\",\"item\":\"https:\/\/mediumslateblue-salmon-612143.hostingersite.com\/de\/\"},{\"@type\":\"ListItem\",\"position\":2,\"name\":\"Ziele\",\"item\":\"https:\/\/mediumslateblue-salmon-612143.hostingersite.com\/de\/ziele\/\"},{\"@type\":\"ListItem\",\"position\":3,\"name\":\"D\u00f6rfer\"}]},{\"@type\":\"WebSite\",\"@id\":\"https:\/\/visitbulgaria.com\/de\/#website\",\"url\":\"https:\/\/visitbulgaria.com\/de\/\",\"name\":\"Visit Bulgaria\",\"description\":\"Offizielles Touristenportal Bulgariens\",\"potentialAction\":[{\"@type\":\"SearchAction\",\"target\":{\"@type\":\"EntryPoint\",\"urlTemplate\":\"https:\/\/visitbulgaria.com\/de\/?s={search_term_string}\"},\"query-input\":{\"@type\":\"PropertyValueSpecification\",\"valueRequired\":true,\"valueName\":\"search_term_string\"}}],\"inLanguage\":\"de\"}]}<\/script>\n<!-- \/ Yoast SEO plugin. -->","yoast_head_json":{"title":"D\u00f6rfer - Touristisches Portal von Bulgarien","robots":{"index":"index","follow":"follow","max-snippet":"max-snippet:-1","max-image-preview":"max-image-preview:large","max-video-preview":"max-video-preview:-1"},"canonical":"https:\/\/visitbulgaria.com\/de\/ziele\/doerfer\/","og_locale":"de_DE","og_type":"article","og_title":"D\u00f6rfer - Touristisches Portal von Bulgarien","og_description":"Share on facebook Die bulgarischen D\u00f6rfer sind\u00a0mit ihrer herrlichen Natur und ihren gastfreundlichen Hausherren bekannt. Vielerorts hat man sich erfolgreich dem Landtourismus verschrieben, was Ihnen die M\u00f6glichkeit bietet, in den [&hellip;]","og_url":"https:\/\/visitbulgaria.com\/de\/ziele\/doerfer\/","og_site_name":"Visit Bulgaria","article_modified_time":"2021-11-29T15:28:21+00:00","og_image":[{"width":1920,"height":1280,"url":"https:\/\/visitbulgaria.com\/wp-content\/uploads\/2021\/11\/Bulgarian-villages_visitbulgaria.com_.jpg","type":"image\/jpeg"}],"twitter_card":"summary_large_image","twitter_misc":{"Gesch\u00e4tzte Lesezeit":"2\u00a0Minuten"},"schema":{"@context":"https:\/\/schema.org","@graph":[{"@type":"WebPage","@id":"https:\/\/visitbulgaria.com\/de\/ziele\/doerfer\/","url":"https:\/\/visitbulgaria.com\/de\/ziele\/doerfer\/","name":"D\u00f6rfer - Touristisches Portal von Bulgarien","isPartOf":{"@id":"https:\/\/visitbulgaria.com\/de\/#website"},"primaryImageOfPage":{"@id":"https:\/\/visitbulgaria.com\/de\/ziele\/doerfer\/#primaryimage"},"image":{"@id":"https:\/\/visitbulgaria.com\/de\/ziele\/doerfer\/#primaryimage"},"thumbnailUrl":"https:\/\/visitbulgaria.com\/wp-content\/uploads\/2021\/11\/Bulgarian-villages_visitbulgaria.com_.jpg","datePublished":"2020-01-13T14:10:30+00:00","dateModified":"2021-11-29T15:28:21+00:00","breadcrumb":{"@id":"https:\/\/visitbulgaria.com\/de\/ziele\/doerfer\/#breadcrumb"},"inLanguage":"de","potentialAction":[{"@type":"ReadAction","target":["https:\/\/visitbulgaria.com\/de\/ziele\/doerfer\/"]}]},{"@type":"ImageObject","inLanguage":"de","@id":"https:\/\/visitbulgaria.com\/de\/ziele\/doerfer\/#primaryimage","url":"https:\/\/visitbulgaria.com\/wp-content\/uploads\/2021\/11\/Bulgarian-villages_visitbulgaria.com_.jpg","contentUrl":"https:\/\/visitbulgaria.com\/wp-content\/uploads\/2021\/11\/Bulgarian-villages_visitbulgaria.com_.jpg","width":1920,"height":1280},{"@type":"BreadcrumbList","@id":"https:\/\/visitbulgaria.com\/de\/ziele\/doerfer\/#breadcrumb","itemListElement":[{"@type":"ListItem","position":1,"name":"Home","item":"https:\/\/mediumslateblue-salmon-612143.hostingersite.com\/de\/"},{"@type":"ListItem","position":2,"name":"Ziele","item":"https:\/\/mediumslateblue-salmon-612143.hostingersite.com\/de\/ziele\/"},{"@type":"ListItem","position":3,"name":"D\u00f6rfer"}]},{"@type":"WebSite","@id":"https:\/\/visitbulgaria.com\/de\/#website","url":"https:\/\/visitbulgaria.com\/de\/","name":"Visit Bulgaria","description":"Offizielles Touristenportal Bulgariens","potentialAction":[{"@type":"SearchAction","target":{"@type":"EntryPoint","urlTemplate":"https:\/\/visitbulgaria.com\/de\/?s={search_term_string}"},"query-input":{"@type":"PropertyValueSpecification","valueRequired":true,"valueName":"search_term_string"}}],"inLanguage":"de"}]}},"_links":{"self":[{"href":"https:\/\/visitbulgaria.com\/de\/wp-json\/wp\/v2\/pages\/3428","targetHints":{"allow":["GET"]}}],"collection":[{"href":"https:\/\/visitbulgaria.com\/de\/wp-json\/wp\/v2\/pages"}],"about":[{"href":"https:\/\/visitbulgaria.com\/de\/wp-json\/wp\/v2\/types\/page"}],"author":[{"embeddable":true,"href":"https:\/\/visitbulgaria.com\/de\/wp-json\/wp\/v2\/users\/17"}],"replies":[{"embeddable":true,"href":"https:\/\/visitbulgaria.com\/de\/wp-json\/wp\/v2\/comments?post=3428"}],"version-history":[{"count":0,"href":"https:\/\/visitbulgaria.com\/de\/wp-json\/wp\/v2\/pages\/3428\/revisions"}],"up":[{"embeddable":true,"href":"https:\/\/visitbulgaria.com\/de\/wp-json\/wp\/v2\/pages\/3856"}],"wp:featuredmedia":[{"embeddable":true,"href":"https:\/\/visitbulgaria.com\/de\/wp-json\/wp\/v2\/media\/299320"}],"wp:attachment":[{"href":"https:\/\/visitbulgaria.com\/de\/wp-json\/wp\/v2\/media?parent=3428"}],"curies":[{"name":"wp","href":"https:\/\/api.w.org\/{rel}","templated":true}]}}