{"id":251977,"date":"2021-04-29T13:02:56","date_gmt":"2021-04-29T10:02:56","guid":{"rendered":"https:\/\/visitbulgaria.com\/%d0%bd%d0%b0%d1%86%d0%b8%d0%be%d0%bd%d0%b0%d0%bb%d0%bd%d0%b8-%d1%82%d1%83%d1%80%d0%b8%d1%81%d1%82%d0%b8%d1%87%d0%b5%d1%81%d0%ba%d0%b8-%d0%bf%d1%80%d0%b5%d0%b4%d1%81%d1%82%d0%b0%d0%b2%d0%b8%d1%82%d0%b5\/"},"modified":"2025-02-24T23:23:07","modified_gmt":"2025-02-24T21:23:07","slug":"nationale-vertretung-fuer-tourismus-der-republik-bulgarien","status":"publish","type":"page","link":"https:\/\/visitbulgaria.com\/de\/nationale-vertretung-fuer-tourismus-der-republik-bulgarien\/","title":{"rendered":"Nationale Vertretung f\u00fcr Tourismus der Republik Bulgarien"},"content":{"rendered":"\t\t<div data-elementor-type=\"wp-page\" data-elementor-id=\"251977\" class=\"elementor elementor-251977 elementor-251967\" data-elementor-post-type=\"page\">\n\t\t\t\t\t\t\t\t\t<section class=\"elementor-section elementor-top-section elementor-element elementor-element-948d608 elementor-section-content-top elementor-section-boxed elementor-section-height-default elementor-section-height-default\" data-id=\"948d608\" data-element_type=\"section\" data-settings=\"{&quot;jet_parallax_layout_list&quot;:[{&quot;jet_parallax_layout_image&quot;:{&quot;url&quot;:&quot;&quot;,&quot;id&quot;:&quot;&quot;,&quot;size&quot;:&quot;&quot;},&quot;_id&quot;:&quot;7ed3571&quot;,&quot;jet_parallax_layout_image_tablet&quot;:{&quot;url&quot;:&quot;&quot;,&quot;id&quot;:&quot;&quot;,&quot;size&quot;:&quot;&quot;},&quot;jet_parallax_layout_image_mobile&quot;:{&quot;url&quot;:&quot;&quot;,&quot;id&quot;:&quot;&quot;,&quot;size&quot;:&quot;&quot;},&quot;jet_parallax_layout_speed&quot;:{&quot;unit&quot;:&quot;%&quot;,&quot;size&quot;:50,&quot;sizes&quot;:[]},&quot;jet_parallax_layout_type&quot;:&quot;scroll&quot;,&quot;jet_parallax_layout_direction&quot;:&quot;1&quot;,&quot;jet_parallax_layout_fx_direction&quot;:null,&quot;jet_parallax_layout_z_index&quot;:&quot;&quot;,&quot;jet_parallax_layout_bg_x&quot;:50,&quot;jet_parallax_layout_bg_x_tablet&quot;:&quot;&quot;,&quot;jet_parallax_layout_bg_x_mobile&quot;:&quot;&quot;,&quot;jet_parallax_layout_bg_y&quot;:50,&quot;jet_parallax_layout_bg_y_tablet&quot;:&quot;&quot;,&quot;jet_parallax_layout_bg_y_mobile&quot;:&quot;&quot;,&quot;jet_parallax_layout_bg_size&quot;:&quot;auto&quot;,&quot;jet_parallax_layout_bg_size_tablet&quot;:&quot;&quot;,&quot;jet_parallax_layout_bg_size_mobile&quot;:&quot;&quot;,&quot;jet_parallax_layout_animation_prop&quot;:&quot;transform&quot;,&quot;jet_parallax_layout_on&quot;:[&quot;desktop&quot;,&quot;tablet&quot;]}],&quot;background_background&quot;:&quot;classic&quot;,&quot;animation&quot;:&quot;none&quot;}\" data-e-bg-lazyload=\"\">\n\t\t\t\t\t\t\t<div class=\"elementor-background-overlay\"><\/div>\n\t\t\t\t\t\t\t<div class=\"elementor-container elementor-column-gap-no\">\n\t\t\t\t\t<div class=\"elementor-column elementor-col-100 elementor-top-column elementor-element elementor-element-7f0a361\" data-id=\"7f0a361\" data-element_type=\"column\" data-settings=\"{&quot;background_background&quot;:&quot;classic&quot;}\">\n\t\t\t<div class=\"elementor-widget-wrap elementor-element-populated\">\n\t\t\t\t\t\t\t\t<div class=\"elementor-element elementor-element-a1a219f elementor-view-default elementor-widget elementor-widget-icon\" data-id=\"a1a219f\" data-element_type=\"widget\" data-widget_type=\"icon.default\">\n\t\t\t\t<div class=\"elementor-widget-container\">\n\t\t\t\t\t<div class=\"elementor-icon-wrapper\">\n\t\t\t<div class=\"elementor-icon\">\n\t\t\t<i aria-hidden=\"true\" class=\"nc-icon-outline travel_info\"><\/i>\t\t\t<\/div>\n\t\t<\/div>\n\t\t\t\t<\/div>\n\t\t\t\t<\/div>\n\t\t\t\t<section class=\"elementor-section elementor-inner-section elementor-element elementor-element-8e07e97 elementor-section-content-bottom elementor-section-boxed elementor-section-height-default elementor-section-height-default\" data-id=\"8e07e97\" data-element_type=\"section\" data-settings=\"{&quot;jet_parallax_layout_list&quot;:[{&quot;jet_parallax_layout_image&quot;:{&quot;url&quot;:&quot;&quot;,&quot;id&quot;:&quot;&quot;,&quot;size&quot;:&quot;&quot;},&quot;_id&quot;:&quot;04d26af&quot;,&quot;jet_parallax_layout_image_tablet&quot;:{&quot;url&quot;:&quot;&quot;,&quot;id&quot;:&quot;&quot;,&quot;size&quot;:&quot;&quot;},&quot;jet_parallax_layout_image_mobile&quot;:{&quot;url&quot;:&quot;&quot;,&quot;id&quot;:&quot;&quot;,&quot;size&quot;:&quot;&quot;},&quot;jet_parallax_layout_speed&quot;:{&quot;unit&quot;:&quot;%&quot;,&quot;size&quot;:50,&quot;sizes&quot;:[]},&quot;jet_parallax_layout_type&quot;:&quot;scroll&quot;,&quot;jet_parallax_layout_direction&quot;:&quot;1&quot;,&quot;jet_parallax_layout_fx_direction&quot;:null,&quot;jet_parallax_layout_z_index&quot;:&quot;&quot;,&quot;jet_parallax_layout_bg_x&quot;:50,&quot;jet_parallax_layout_bg_x_tablet&quot;:&quot;&quot;,&quot;jet_parallax_layout_bg_x_mobile&quot;:&quot;&quot;,&quot;jet_parallax_layout_bg_y&quot;:50,&quot;jet_parallax_layout_bg_y_tablet&quot;:&quot;&quot;,&quot;jet_parallax_layout_bg_y_mobile&quot;:&quot;&quot;,&quot;jet_parallax_layout_bg_size&quot;:&quot;auto&quot;,&quot;jet_parallax_layout_bg_size_tablet&quot;:&quot;&quot;,&quot;jet_parallax_layout_bg_size_mobile&quot;:&quot;&quot;,&quot;jet_parallax_layout_animation_prop&quot;:&quot;transform&quot;,&quot;jet_parallax_layout_on&quot;:[&quot;desktop&quot;,&quot;tablet&quot;]}]}\">\n\t\t\t\t\t\t<div class=\"elementor-container elementor-column-gap-no\">\n\t\t\t\t\t<div class=\"elementor-column elementor-col-100 elementor-inner-column elementor-element elementor-element-a451791\" data-id=\"a451791\" data-element_type=\"column\">\n\t\t\t<div class=\"elementor-widget-wrap elementor-element-populated\">\n\t\t\t\t\t\t\t\t<div class=\"elementor-element elementor-element-5efafb5 elementor-widget elementor-widget-text-editor\" data-id=\"5efafb5\" data-element_type=\"widget\" data-widget_type=\"text-editor.default\">\n\t\t\t\t<div class=\"elementor-widget-container\">\n\t\t\t<style>\/*! elementor - v3.17.0 - 08-11-2023 *\/\n.elementor-widget-text-editor.elementor-drop-cap-view-stacked .elementor-drop-cap{background-color:#69727d;color:#fff}.elementor-widget-text-editor.elementor-drop-cap-view-framed .elementor-drop-cap{color:#69727d;border:3px solid;background-color:transparent}.elementor-widget-text-editor:not(.elementor-drop-cap-view-default) .elementor-drop-cap{margin-top:8px}.elementor-widget-text-editor:not(.elementor-drop-cap-view-default) .elementor-drop-cap-letter{width:1em;height:1em}.elementor-widget-text-editor .elementor-drop-cap{float:left;text-align:center;line-height:1;font-size:50px}.elementor-widget-text-editor .elementor-drop-cap-letter{display:inline-block}<\/style>\t\t\t\t<div><strong>Nationale Tourismusvertretung der Republik Bulgarien in der Republik T\u00fcrkei<\/strong><\/div><div>Botschaft der Republik Bulgarien<\/div><div>Ahmet Adnan Saygun Cd. Nr. 34, 34340 Ulus, Be\u015fikta\u015f\/\u0130stanbul<\/div><div>Teodora Taskova<\/div><div>Tourismusattach\u00e9<\/div><div>Tel.: +90 212\/281 01 14,15,16<\/div><div>E-Mail: <a href=\"mailto:t.taskova@tourism.government.bg\" target=\"_blank\" rel=\"noopener noreferrer\">t.taskova@tourism.government.bg<\/a><\/div><p>\u00a0<\/p><p><strong>Nationale Vertretung f\u00fcr Tourismus der Republik Bulgarien in der Russischen F\u00f6deration<\/strong><\/p><p>Botschaft der Republik Bulgarien<\/p><p>119590 Moskau, Russland<\/p><p>Mosfilmovskaya Stra\u00dfe, 66<\/p><p>Katya Zhekova<\/p><p>Tourismusattach\u00e9<\/p><p>Tel.: +7 925 3580038<\/p><p>E-Mail:\u00a0<a href=\"mailto:k.zhekova@tourism.government.bg\">k.zhekova@tourism.government.bg<\/a>;\u00a0<a href=\"mailto:kzhekova@yandex.ru\">kzhekova@yandex.ru<\/a><\/p><p><strong>\u00a0<\/strong><\/p><p><strong>Nationale Touristenvertretung der Republik Bulgarien in der Republik Polen<\/strong><\/p><p>Botschaft der Republik Bulgarien<\/p><p>Al. Ujazdowskie 33\/35, 00-540 Warschau, Polen<\/p><p>Nikolai Kostov<\/p><p>Tourismusattach\u00e9<\/p><p>Tel.: +48 515 410 400<\/p><p>E-Mail:\u00a0<a href=\"mailto:n.kostov@tourism.government.bg\">n.kostov@tourism.government.bg<\/a><\/p><p><strong>Nationale Tourismusvertretung der Republik Bulgarien in der Bundesrepublik Deutschland<\/strong><\/p><p>Botschaft der Republik Bulgarien<\/p><p>Mauerstra\u00dfe 11<\/p><p>10117 Berlin<\/p><p>Tihomir Patarinski<\/p><p>Tourismusattach\u00e9<\/p><p>Mobil: +49 (0) 172 779 4323<\/p><p>E-mail:<\/p><p><a href=\"mailto:t.patarinski@tourism.government.bg\">t.patarinski@tourism.government.bg<\/a><\/p><p><a href=\"mailto:tourism@botschaft-bulgarien.de\">tourism@botschaft-bulgarien.de<\/a><\/p>\t\t\t\t\t\t<\/div>\n\t\t\t\t<\/div>\n\t\t\t\t\t<\/div>\n\t\t<\/div>\n\t\t\t\t\t\t\t<\/div>\n\t\t<\/section>\n\t\t\t\t\t<\/div>\n\t\t<\/div>\n\t\t\t\t\t\t\t<\/div>\n\t\t<\/section>\n\t\t\t\t\t\t\t<\/div>\n\t\t","protected":false},"excerpt":{"rendered":"<p>Nationale Tourismusvertretung der Republik Bulgarien in der Republik T\u00fcrkeiBotschaft der Republik BulgarienAhmet Adnan Saygun Cd. Nr. 34, 34340 Ulus, Be\u015fikta\u015f\/\u0130stanbulTeodora TaskovaTourismusattach\u00e9Tel.: +90 212\/281 01 14,15,16E-Mail: t.taskova@tourism.government.bg \u00a0 Nationale Vertretung f\u00fcr [&hellip;]<\/p>\n","protected":false},"author":17,"featured_media":0,"parent":0,"menu_order":0,"comment_status":"closed","ping_status":"closed","template":"elementor_header_footer","meta":{"footnotes":""},"class_list":["post-251977","page","type-page","status-publish","hentry"],"acf":[],"yoast_head":"<!-- This site is optimized with the Yoast SEO plugin v27.2 - https:\/\/yoast.com\/product\/yoast-seo-wordpress\/ -->\n<title>Nationale Vertretung f\u00fcr Tourismus der Republik Bulgarien - Touristisches Portal von Bulgarien<\/title>\n<meta name=\"robots\" content=\"index, follow, max-snippet:-1, max-image-preview:large, max-video-preview:-1\" \/>\n<link rel=\"canonical\" href=\"https:\/\/visitbulgaria.com\/de\/nationale-vertretung-fuer-tourismus-der-republik-bulgarien\/\" \/>\n<meta property=\"og:locale\" content=\"de_DE\" \/>\n<meta property=\"og:type\" content=\"article\" \/>\n<meta property=\"og:title\" content=\"Nationale Vertretung f\u00fcr Tourismus der Republik Bulgarien - Touristisches Portal von Bulgarien\" \/>\n<meta property=\"og:description\" content=\"Nationale Tourismusvertretung der Republik Bulgarien in der Republik T\u00fcrkeiBotschaft der Republik BulgarienAhmet Adnan Saygun Cd. Nr. 34, 34340 Ulus, Be\u015fikta\u015f\/\u0130stanbulTeodora TaskovaTourismusattach\u00e9Tel.: +90 212\/281 01 14,15,16E-Mail: t.taskova@tourism.government.bg \u00a0 Nationale Vertretung f\u00fcr [&hellip;]\" \/>\n<meta property=\"og:url\" content=\"https:\/\/visitbulgaria.com\/de\/nationale-vertretung-fuer-tourismus-der-republik-bulgarien\/\" \/>\n<meta property=\"og:site_name\" content=\"Visit Bulgaria\" \/>\n<meta property=\"article:modified_time\" content=\"2025-02-24T21:23:07+00:00\" \/>\n<meta name=\"twitter:card\" content=\"summary_large_image\" \/>\n<meta name=\"twitter:label1\" content=\"Gesch\u00e4tzte Lesezeit\" \/>\n\t<meta name=\"twitter:data1\" content=\"1\u00a0Minute\" \/>\n<script type=\"application\/ld+json\" class=\"yoast-schema-graph\">{\"@context\":\"https:\/\/schema.org\",\"@graph\":[{\"@type\":\"WebPage\",\"@id\":\"https:\/\/visitbulgaria.com\/de\/nationale-vertretung-fuer-tourismus-der-republik-bulgarien\/\",\"url\":\"https:\/\/visitbulgaria.com\/de\/nationale-vertretung-fuer-tourismus-der-republik-bulgarien\/\",\"name\":\"Nationale Vertretung f\u00fcr Tourismus der Republik Bulgarien - Touristisches Portal von Bulgarien\",\"isPartOf\":{\"@id\":\"https:\/\/visitbulgaria.com\/de\/#website\"},\"datePublished\":\"2021-04-29T10:02:56+00:00\",\"dateModified\":\"2025-02-24T21:23:07+00:00\",\"breadcrumb\":{\"@id\":\"https:\/\/visitbulgaria.com\/de\/nationale-vertretung-fuer-tourismus-der-republik-bulgarien\/#breadcrumb\"},\"inLanguage\":\"de\",\"potentialAction\":[{\"@type\":\"ReadAction\",\"target\":[\"https:\/\/visitbulgaria.com\/de\/nationale-vertretung-fuer-tourismus-der-republik-bulgarien\/\"]}]},{\"@type\":\"BreadcrumbList\",\"@id\":\"https:\/\/visitbulgaria.com\/de\/nationale-vertretung-fuer-tourismus-der-republik-bulgarien\/#breadcrumb\",\"itemListElement\":[{\"@type\":\"ListItem\",\"position\":1,\"name\":\"Home\",\"item\":\"https:\/\/mediumslateblue-salmon-612143.hostingersite.com\/de\/\"},{\"@type\":\"ListItem\",\"position\":2,\"name\":\"Nationale Vertretung f\u00fcr Tourismus der Republik Bulgarien\"}]},{\"@type\":\"WebSite\",\"@id\":\"https:\/\/visitbulgaria.com\/de\/#website\",\"url\":\"https:\/\/visitbulgaria.com\/de\/\",\"name\":\"Visit Bulgaria\",\"description\":\"Offizielles Touristenportal Bulgariens\",\"potentialAction\":[{\"@type\":\"SearchAction\",\"target\":{\"@type\":\"EntryPoint\",\"urlTemplate\":\"https:\/\/visitbulgaria.com\/de\/?s={search_term_string}\"},\"query-input\":{\"@type\":\"PropertyValueSpecification\",\"valueRequired\":true,\"valueName\":\"search_term_string\"}}],\"inLanguage\":\"de\"}]}<\/script>\n<!-- \/ Yoast SEO plugin. -->","yoast_head_json":{"title":"Nationale Vertretung f\u00fcr Tourismus der Republik Bulgarien - Touristisches Portal von Bulgarien","robots":{"index":"index","follow":"follow","max-snippet":"max-snippet:-1","max-image-preview":"max-image-preview:large","max-video-preview":"max-video-preview:-1"},"canonical":"https:\/\/visitbulgaria.com\/de\/nationale-vertretung-fuer-tourismus-der-republik-bulgarien\/","og_locale":"de_DE","og_type":"article","og_title":"Nationale Vertretung f\u00fcr Tourismus der Republik Bulgarien - Touristisches Portal von Bulgarien","og_description":"Nationale Tourismusvertretung der Republik Bulgarien in der Republik T\u00fcrkeiBotschaft der Republik BulgarienAhmet Adnan Saygun Cd. Nr. 34, 34340 Ulus, Be\u015fikta\u015f\/\u0130stanbulTeodora TaskovaTourismusattach\u00e9Tel.: +90 212\/281 01 14,15,16E-Mail: t.taskova@tourism.government.bg \u00a0 Nationale Vertretung f\u00fcr [&hellip;]","og_url":"https:\/\/visitbulgaria.com\/de\/nationale-vertretung-fuer-tourismus-der-republik-bulgarien\/","og_site_name":"Visit Bulgaria","article_modified_time":"2025-02-24T21:23:07+00:00","twitter_card":"summary_large_image","twitter_misc":{"Gesch\u00e4tzte Lesezeit":"1\u00a0Minute"},"schema":{"@context":"https:\/\/schema.org","@graph":[{"@type":"WebPage","@id":"https:\/\/visitbulgaria.com\/de\/nationale-vertretung-fuer-tourismus-der-republik-bulgarien\/","url":"https:\/\/visitbulgaria.com\/de\/nationale-vertretung-fuer-tourismus-der-republik-bulgarien\/","name":"Nationale Vertretung f\u00fcr Tourismus der Republik Bulgarien - Touristisches Portal von Bulgarien","isPartOf":{"@id":"https:\/\/visitbulgaria.com\/de\/#website"},"datePublished":"2021-04-29T10:02:56+00:00","dateModified":"2025-02-24T21:23:07+00:00","breadcrumb":{"@id":"https:\/\/visitbulgaria.com\/de\/nationale-vertretung-fuer-tourismus-der-republik-bulgarien\/#breadcrumb"},"inLanguage":"de","potentialAction":[{"@type":"ReadAction","target":["https:\/\/visitbulgaria.com\/de\/nationale-vertretung-fuer-tourismus-der-republik-bulgarien\/"]}]},{"@type":"BreadcrumbList","@id":"https:\/\/visitbulgaria.com\/de\/nationale-vertretung-fuer-tourismus-der-republik-bulgarien\/#breadcrumb","itemListElement":[{"@type":"ListItem","position":1,"name":"Home","item":"https:\/\/mediumslateblue-salmon-612143.hostingersite.com\/de\/"},{"@type":"ListItem","position":2,"name":"Nationale Vertretung f\u00fcr Tourismus der Republik Bulgarien"}]},{"@type":"WebSite","@id":"https:\/\/visitbulgaria.com\/de\/#website","url":"https:\/\/visitbulgaria.com\/de\/","name":"Visit Bulgaria","description":"Offizielles Touristenportal Bulgariens","potentialAction":[{"@type":"SearchAction","target":{"@type":"EntryPoint","urlTemplate":"https:\/\/visitbulgaria.com\/de\/?s={search_term_string}"},"query-input":{"@type":"PropertyValueSpecification","valueRequired":true,"valueName":"search_term_string"}}],"inLanguage":"de"}]}},"_links":{"self":[{"href":"https:\/\/visitbulgaria.com\/de\/wp-json\/wp\/v2\/pages\/251977","targetHints":{"allow":["GET"]}}],"collection":[{"href":"https:\/\/visitbulgaria.com\/de\/wp-json\/wp\/v2\/pages"}],"about":[{"href":"https:\/\/visitbulgaria.com\/de\/wp-json\/wp\/v2\/types\/page"}],"author":[{"embeddable":true,"href":"https:\/\/visitbulgaria.com\/de\/wp-json\/wp\/v2\/users\/17"}],"replies":[{"embeddable":true,"href":"https:\/\/visitbulgaria.com\/de\/wp-json\/wp\/v2\/comments?post=251977"}],"version-history":[{"count":0,"href":"https:\/\/visitbulgaria.com\/de\/wp-json\/wp\/v2\/pages\/251977\/revisions"}],"wp:attachment":[{"href":"https:\/\/visitbulgaria.com\/de\/wp-json\/wp\/v2\/media?parent=251977"}],"curies":[{"name":"wp","href":"https:\/\/api.w.org\/{rel}","templated":true}]}}